{"id":3009,"date":"2013-07-15T14:30:23","date_gmt":"2013-07-15T13:30:23","guid":{"rendered":"http:\/\/neviere-avocats.fr\/wp\/?page_id=3009"},"modified":"2022-09-21T11:17:35","modified_gmt":"2022-09-21T10:17:35","slug":"quotes","status":"publish","type":"page","link":"http:\/\/neviere-avocats.fr\/en\/quotes\/","title":{"rendered":"Quotes"},"content":{"rendered":"<div class=\"title-block\"><div class=\"icon-container\"><i class=\"icon icon-comment\"><\/i><\/div><span class=\"arrow-right\"><\/span><h3>Quotes<\/h3><div class=\"clearfix\"><\/div><\/div>\n<p>Merci pour l\u2019info \u2013 <em>\u00ab Convention, accord ou usage : quel droit s&#8217;applique au travail ? Code du travail, lois, d\u00e9crets, conventions, accords collectifs\u2026 En cas de diff\u00e9rend, le texte qui s\u2019applique n\u2019est pas toujours le plus favorable au salari\u00e9 \u00bb<\/em> \u2013 V\u00e9ronique Baud \u2013 3 juin 2022<\/p>\n<p>Entreprise et carri\u00e8res \u2013 <i>\u00ab<\/i>\u00a0<em>Les horaires d\u00e9cal\u00e9s, une solution au casse-t\u00eate du d\u00e9confinement\u00a0? <\/em><i>\u00bb<\/i> \u2013 Adeline Farge \u2013 n\u00b01484 \u2013 8 June 2020<\/p>\n<p>Le Monde \u2013 \u00ab <em>Salaires : les particuliers employeurs sont pri\u00e9s d\u2019augmenter leurs employ\u00e9s<\/em> \u00bb \u2013 31 January 2018<\/p>\n<p>Courrier Cadres \u2013 \u00ab <em>Le bleisure redonne un peu de saveur aux voyages d\u2019affaires<\/em> \u00bb \u2013 Adeline Farge \u2013 December\u00a02017 \/ January 2018<\/p>\n<p>L\u2019Argus de l\u2019assurance \u2013 \u00ab <i>Les multiples enjeux d\u2019une r\u00e9elle d\u00e9connexion <\/i>\u00bb \u2013 Adeline Farge \u2013 22 September 2016<\/p>\n<p>Direction(s) \u2013 Le mensuel des directeurs du secteur social et m\u00e9dico-social \u2013 \u00ab\u00a0<em>Redressement, comment transiger avec l\u2019Urssaf\u00a0?\u00a0<\/em>\u00bb \u2013 Adeline Farge \u2013 May 2016<\/p>\n<p>Direction(s) \u2013 Le mensuel des directeurs du secteur social et m\u00e9dico-social \u2013 \u00ab <em>Le don de jours de cong\u00e9s<\/em> \u00bb \u2013 Adeline Farge \u2013 February 2015<\/p>\n<p>Entreprise et carri\u00e8res \u2013 \u00ab <em>Horaires atypiques : salari\u00e9s en horaires d\u00e9cal\u00e9s : des collaborateurs \u00e0 m\u00e9nager<\/em> \u00bb \u2013 Nicolas Lagrange \u2013 n\u00b01227 \u2013 10 February 2015<\/p>\n<p>Liaisons sociales magazine &#8211; \u00ab<i>\u00a0La machine d\u00e9pass\u00e9e des prud\u2019hommes\u00a0<\/i>\u00bb &#8211; Emmanuelle Souffi \u2013 n\u00b0 157 &#8211; December 2014<\/p>\n<p>Direction(s) \u2013 Le mensuel des directeurs du secteur social et m\u00e9dico-social \u2013 \u00ab\u00a0<em>Bass : appliquer la r\u00e9forme du temps partiel<\/em>\u00a0\u00bb \u2013 V\u00e9ronique Baudet-Caille \u2013 September 2014<\/p>\n<p>Dossier familial \u2013 \u00ab\u00a0<i>Guide 2012 \u2013 Vos droits au travail\u00a0<\/i>\u00bb<i>\u00a0<\/i>\u2013 November 2012<\/p>\n<p>Dossier familial \u2013 \u00ab\u00a0<em>Convention, accord ou usage : quel droit s\u2019applique au travail<\/em>\u00a0<em>\u00bb<\/em><em>\u00a0<\/em>\u2013 V\u00e9ronique Baudet-Caille \u2013 December 2011<\/p>\n<p>Direction(s) \u2013 Le mensuel des directeurs du secteur sanitaire et social \u2013<em>\u00a0<\/em><em>\u00ab<\/em>\u00a0<em>Egalit\u00e9 hommes femmes : l\u2019inaction sanctionn\u00e9e\u00a0<\/em><em>\u00bb<\/em>\u00a0\u2013 V\u00e9ronique Baudet-Caille \u2013 November 2011<\/p>\n<p>BFM Business \u2013\u00a0<em>\u00ab<\/em><em>\u00a0Renault condamn\u00e9 pour\u00a0<\/em><em>\u00ab<\/em><em>\u00a0faute inexcusable\u00a0<\/em><em>\u00bb<\/em>\u00a0\u2013 Nicolas Lagrange \u2013 19 May 2011<\/p>\n<p>BFM Radio \u2013 Interview concernant les suicides de salari\u00e9s chez France Telecom et l\u2019ouverture par le Parquet d\u2019une enqu\u00eate pour mise en danger de la vie d\u2019autrui \u2013 February 2010<\/p>\n<p>Dossier familial \u2013 \u00ab<em>\u00a0Droit et recours des salari\u00e9s dans l\u2019entreprise\u00a0<\/em>\u00bb \u2013 19 October 2009<\/p>\n<p>Dossier familial suppl\u00e9ment \u2013 \u00ab\u00a0<em>Le droit du travail \u2013 Droits et obligations\u00a0<\/em>\u00bb \u2013 \u00ab\u00a0<em>La vie dans l\u2019entreprise<\/em>\u00a0\u00bb \u2013 August 2009<\/p>\n<p>L\u2019entreprise.com \u2013 \u00ab<em>\u00a0Mettre ses salari\u00e9s au ch\u00f4mage partiel ou technique\u00a0<\/em>\u00bb \u2013 Emmanuelle Souffi \u2013 9 December\u00a02008<\/p>\n<p>Dossier familial suppl\u00e9ment \u2013 \u00ab\u00a0<em>Le droit du travail modifi\u00e9 en profondeur<\/em>\u00a0\u00bb \u2013 V\u00e9ronique Baudet \u2013 October\u00a02008<\/p>\n<p>Le Figaro \u2013 \u00ab\u00a0<em>Un exc\u00e8s en vacances peut entra\u00eener un licenciement\u00a0<\/em>\u00bb \u2013 Anne Jouan \u2013 4 August\u00a02008<\/p>\n<p>L\u2019Usine Nouvelle \u2013 \u00ab\u00a0<em>Elus du personnel \u2013 Le casse-t\u00eate de la sous-traitance<\/em>\u00a0\u00bb \u2013 Agn\u00e8s Laurent \u2013 n\u00b0 3044 \u2013 11 October\u00a02007<\/p>\n<p>L\u2019Usine Nouvelle \u2013 \u00ab\u00a0<em>Des licenciements tr\u00e8s personnels\u00a0<\/em>\u00bb \u2013 Agn\u00e8s Laurent \u2013 n\u00b0 3044 \u2013 22 February\u00a02007<\/p>\n<p>L\u2019Usine Nouvelle \u2013 \u00ab\u00a0<em>Peut-on r\u00e9former le contrat de travail<\/em>\u00a0\u00bb \u2013 Agn\u00e8s Laurent \u2013 n\u00b0 3027 \u2013 19 October\u00a02006<\/p>\n<p>Option Finance \u2013 \u00ab\u00a0<em>Loi Breton, Jacob, Perben\u2026des avanc\u00e9es relatives pour les entreprises\u00a0<\/em>\u00bb \u2013 Catherine Motol \u2013 n\u00b0 846 \u2013 19 December\u00a02005<\/p>\n<p>La Tribune \u2013 \u00ab<em>\u00a0Les effets de la fusion-absorption pr\u00e9cis\u00e9s\u00a0<\/em>\u00bb \u2013 Caroline Mazodier \u2013 21 December\u00a02005<\/p>\n<p>Option Finance \u2013 \u00ab\u00a0<em>2005 une ann\u00e9e l\u00e9gislative plut\u00f4t favorable aux entreprises<\/em>\u00a0\u00bb \u2013 Catherine Motol \u2013 n\u00b0 862-863 \u2013 19 December\u00a02005<\/p>\n<p>BFM Radio \u2013\u00a0<em>\u00ab\u00a0<\/em><em>L&#8217;\u00e9volution des clauses de non-concurrence<\/em><em>\u00bb<\/em>\u00a0\u2013 Ludovic Fau \u2013 27 October\u00a02003<\/p>\n<p>La Tribune \u2013 \u00ab\u00a0<em>Le pr\u00eat de main d\u2019\u0153uvre peut ais\u00e9ment devenir illicite\u00a0<\/em>\u00bb \u2013 Caroline Mazodier \u2013 20 October\u00a02005<\/p>\n<p>BFM Radio \u2013\u00a0<em>\u00ab<\/em><em>\u00a0L&#8217;autolicenciement\u00a0<\/em><em>\u00bb\u00a0<\/em>\u2013 Ludovic Fau \u2013 15 September 2003<\/p>\n","protected":false},"excerpt":{"rendered":"<p>Merci pour l\u2019info \u2013 \u00ab Convention, accord ou usage : quel droit s&#8217;applique au travail ? Code du travail, lois, d\u00e9crets, conventions, accords collectifs\u2026 En cas de diff\u00e9rend, le texte qui s\u2019applique n\u2019est pas toujours le plus favorable au salari\u00e9 \u00bb \u2013 V\u00e9ronique Baud \u2013 3 juin 2022 Entreprise et carri\u00e8res \u2013 \u00ab\u00a0Les horaires d\u00e9cal\u00e9s, [&hellip;]<\/p>\n","protected":false},"author":1,"featured_media":0,"parent":0,"menu_order":0,"comment_status":"open","ping_status":"open","template":"","meta":[],"_links":{"self":[{"href":"http:\/\/neviere-avocats.fr\/en\/wp-json\/wp\/v2\/pages\/3009"}],"collection":[{"href":"http:\/\/neviere-avocats.fr\/en\/wp-json\/wp\/v2\/pages"}],"about":[{"href":"http:\/\/neviere-avocats.fr\/en\/wp-json\/wp\/v2\/types\/page"}],"author":[{"embeddable":true,"href":"http:\/\/neviere-avocats.fr\/en\/wp-json\/wp\/v2\/users\/1"}],"replies":[{"embeddable":true,"href":"http:\/\/neviere-avocats.fr\/en\/wp-json\/wp\/v2\/comments?post=3009"}],"version-history":[{"count":27,"href":"http:\/\/neviere-avocats.fr\/en\/wp-json\/wp\/v2\/pages\/3009\/revisions"}],"predecessor-version":[{"id":3816,"href":"http:\/\/neviere-avocats.fr\/en\/wp-json\/wp\/v2\/pages\/3009\/revisions\/3816"}],"wp:attachment":[{"href":"http:\/\/neviere-avocats.fr\/en\/wp-json\/wp\/v2\/media?parent=3009"}],"curies":[{"name":"wp","href":"https:\/\/api.w.org\/{rel}","templated":true}]}}